{"id":99,"date":"2024-07-06T11:03:25","date_gmt":"2024-07-06T11:03:25","guid":{"rendered":"https:\/\/guelsenadali.de\/?page_id=99"},"modified":"2024-09-22T14:44:43","modified_gmt":"2024-09-22T14:44:43","slug":"kontakt","status":"publish","type":"page","link":"https:\/\/guelsenadali.de\/tr\/kontakt\/","title":{"rendered":"KONTAKT"},"content":{"rendered":"<div data-elementor-type=\"wp-page\" data-elementor-id=\"99\" class=\"elementor elementor-99\" data-elementor-post-type=\"page\">\n\t\t\t\t\t\t<section class=\"elementor-section elementor-top-section elementor-element elementor-element-0ea75c6 elementor-section-boxed elementor-section-height-default elementor-section-height-default\" data-id=\"0ea75c6\" data-element_type=\"section\" data-e-type=\"section\" data-settings=\"{&quot;background_background&quot;:&quot;classic&quot;}\" data-no-translation=\"\">\n\t\t\t\t\t\t<div class=\"elementor-container elementor-column-gap-default\">\n\t\t\t\t\t<div class=\"elementor-column elementor-col-100 elementor-top-column elementor-element elementor-element-ec8de9c\" data-id=\"ec8de9c\" data-element_type=\"column\" data-e-type=\"column\" data-settings=\"{&quot;background_background&quot;:&quot;classic&quot;}\">\n\t\t\t<div class=\"elementor-widget-wrap elementor-element-populated\">\n\t\t\t\t\t\t<div class=\"elementor-element elementor-element-e3d0b20 elementor-widget elementor-widget-heading\" data-id=\"e3d0b20\" data-element_type=\"widget\" data-e-type=\"widget\" data-widget_type=\"heading.default\">\n\t\t\t\t<div class=\"elementor-widget-container\">\n\t\t\t\t\t<h2 class=\"elementor-heading-title elementor-size-default\">\u0130rtibat<\/h2>\t\t\t\t<\/div>\n\t\t\t\t<\/div>\n\t\t\t\t<div class=\"elementor-element elementor-element-75692ef elementor-widget elementor-widget-text-editor\" data-id=\"75692ef\" data-element_type=\"widget\" data-e-type=\"widget\" data-widget_type=\"text-editor.default\">\n\t\t\t\t<div class=\"elementor-widget-container\">\n\t\t\t\t\t\t\t\t\t<p><span style=\"color: #5d5d5b;\">\u00dccretsiz ve ba\u011flay\u0131c\u0131 olmayan bir \u00f6n g\u00f6r\u00fc\u015fme i\u00e7in kolayca ve rahat bir \u015fekilde bir<a style=\"color: #5d5d5b;\" href=\"mailto:kontakt@guelsenadali.de\"> <u>e-posta<\/u><\/a> ile benden randevu alabilirsiniz.<\/span><\/p><p><span style=\"color: #5d5d5b;\">Bu \u00f6n g\u00f6r\u00fc\u015fme telefon veya g\u00f6r\u00fcnt\u00fcl\u00fc ba\u011flant\u0131 ile yap\u0131l\u0131r ve genellikle bir hafta i\u00e7inde ayarlanabilir. G\u00f6r\u00fc\u015fme birbirimizi tan\u0131mak ve size nas\u0131l yard\u0131mc\u0131 olabilece\u011fimi konu\u015fmak ama\u00e7l\u0131d\u0131r, dan\u0131\u015fmanl\u0131k hizmeti i\u00e7ermez.<\/span><\/p><p><span style=\"color: #5d5d5b;\">Hem Mannheim hem de Darmstadt\u00b4ta \u00e7al\u0131\u015fma ofislerim bulunmakta. Beni Mannheim&#8217;da C2, 20&#8217;de ve Darmstadt&#8217;ta Holzhofallee 21&#8217;de bulabilirsiniz. Her iki adrese de toplu ta\u015f\u0131ma veya araba ile kolayca ula\u015f\u0131labilir.<\/span><\/p>\t\t\t\t\t\t\t\t<\/div>\n\t\t\t\t<\/div>\n\t\t\t\t<div class=\"elementor-element elementor-element-77131bc elementor-widget elementor-widget-heading\" data-id=\"77131bc\" data-element_type=\"widget\" data-e-type=\"widget\" data-widget_type=\"heading.default\">\n\t\t\t\t<div class=\"elementor-widget-container\">\n\t\t\t\t\t<h2 class=\"elementor-heading-title elementor-size-default\">G\u00fclsen ADALI - Sistemik Terapi ve Dan\u0131\u015fmanl\u0131k (HSI)\n<\/h2>\t\t\t\t<\/div>\n\t\t\t\t<\/div>\n\t\t\t\t<div class=\"elementor-element elementor-element-1029ccd elementor-align-start nav-no-click elementor-icon-list--layout-traditional elementor-list-item-link-full_width elementor-widget elementor-widget-icon-list\" data-id=\"1029ccd\" data-element_type=\"widget\" data-e-type=\"widget\" data-widget_type=\"icon-list.default\">\n\t\t\t\t<div class=\"elementor-widget-container\">\n\t\t\t\t\t\t\t<ul class=\"elementor-icon-list-items\">\n\t\t\t\t\t\t\t<li class=\"elementor-icon-list-item\">\n\t\t\t\t\t\t\t\t\t\t\t<a href=\"mailto:kontakt@guelsenadali.de\">\n\n\t\t\t\t\t\t\t\t\t\t\t\t<span class=\"elementor-icon-list-icon\">\n\t\t\t\t\t\t\t<i aria-hidden=\"true\" class=\"icon icon-envelope2\"><\/i>\t\t\t\t\t\t<\/span>\n\t\t\t\t\t\t\t\t\t\t<span class=\"elementor-icon-list-text\">kontakt@guelsenadali.de<\/span>\n\t\t\t\t\t\t\t\t\t\t\t<\/a>\n\t\t\t\t\t\t\t\t\t<\/li>\n\t\t\t\t\t\t\t\t<li class=\"elementor-icon-list-item\">\n\t\t\t\t\t\t\t\t\t\t\t<a href=\"tel:062517085495\">\n\n\t\t\t\t\t\t\t\t\t\t\t\t<span class=\"elementor-icon-list-icon\">\n\t\t\t\t\t\t\t<i aria-hidden=\"true\" class=\"icon icon-phone-handset\"><\/i>\t\t\t\t\t\t<\/span>\n\t\t\t\t\t\t\t\t\t\t<span class=\"elementor-icon-list-text\">06251 7085495<\/span>\n\t\t\t\t\t\t\t\t\t\t\t<\/a>\n\t\t\t\t\t\t\t\t\t<\/li>\n\t\t\t\t\t\t\t\t<li class=\"elementor-icon-list-item\">\n\t\t\t\t\t\t\t\t\t\t\t<span class=\"elementor-icon-list-icon\">\n\t\t\t\t\t\t\t<i aria-hidden=\"true\" class=\"icon icon-map-marker1\"><\/i>\t\t\t\t\t\t<\/span>\n\t\t\t\t\t\t\t\t\t\t<span class=\"elementor-icon-list-text\"> Holzhofallee 21 64295 Darmstadt<\/span>\n\t\t\t\t\t\t\t\t\t<\/li>\n\t\t\t\t\t\t\t\t<li class=\"elementor-icon-list-item\">\n\t\t\t\t\t\t\t\t\t\t\t<span class=\"elementor-icon-list-icon\">\n\t\t\t\t\t\t\t<i aria-hidden=\"true\" class=\"icon icon-map-marker1\"><\/i>\t\t\t\t\t\t<\/span>\n\t\t\t\t\t\t\t\t\t\t<span class=\"elementor-icon-list-text\">C2, 20 68159 Mannheim <\/span>\n\t\t\t\t\t\t\t\t\t<\/li>\n\t\t\t\t\t\t<\/ul>\n\t\t\t\t\t\t<\/div>\n\t\t\t\t<\/div>\n\t\t\t\t\t<\/div>\n\t\t<\/div>\n\t\t\t\t\t<\/div>\n\t\t<\/section>\n\t\t\t\t<\/div>","protected":false},"excerpt":{"rendered":"<p>KONTAKT Schicken Sie mir gerne eine E-Mail, um\u00a0einfach und bequem einen Termin f\u00fcr ein kostenloses und\u00a0unverbindliches Infogespr\u00e4ch zu buchen. Das Infogespr\u00e4ch findet telefonisch oder per Videocall statt und kann meist innerhalb einer Woche gef\u00fchrt werden. In diesem Gespr\u00e4ch k\u00f6nnen wir uns kennenlernen und\u00a0besprechen, wie ich Ihnen helfen kann. Meine R\u00e4umlichkeiten liegen in Mannheim und Darmstadt. [&hellip;]<\/p>","protected":false},"author":1,"featured_media":0,"parent":0,"menu_order":0,"comment_status":"closed","ping_status":"closed","template":"elementor_header_footer","meta":{"footnotes":""},"class_list":["post-99","page","type-page","status-publish","hentry"],"_links":{"self":[{"href":"https:\/\/guelsenadali.de\/tr\/wp-json\/wp\/v2\/pages\/99","targetHints":{"allow":["GET"]}}],"collection":[{"href":"https:\/\/guelsenadali.de\/tr\/wp-json\/wp\/v2\/pages"}],"about":[{"href":"https:\/\/guelsenadali.de\/tr\/wp-json\/wp\/v2\/types\/page"}],"author":[{"embeddable":true,"href":"https:\/\/guelsenadali.de\/tr\/wp-json\/wp\/v2\/users\/1"}],"replies":[{"embeddable":true,"href":"https:\/\/guelsenadali.de\/tr\/wp-json\/wp\/v2\/comments?post=99"}],"version-history":[{"count":114,"href":"https:\/\/guelsenadali.de\/tr\/wp-json\/wp\/v2\/pages\/99\/revisions"}],"predecessor-version":[{"id":1799,"href":"https:\/\/guelsenadali.de\/tr\/wp-json\/wp\/v2\/pages\/99\/revisions\/1799"}],"wp:attachment":[{"href":"https:\/\/guelsenadali.de\/tr\/wp-json\/wp\/v2\/media?parent=99"}],"curies":[{"name":"wp","href":"https:\/\/api.w.org\/{rel}","templated":true}]}}