{"id":94,"date":"2024-07-06T11:01:43","date_gmt":"2024-07-06T11:01:43","guid":{"rendered":"https:\/\/guelsenadali.de\/?page_id=94"},"modified":"2024-09-13T11:24:22","modified_gmt":"2024-09-13T11:24:22","slug":"konditionen","status":"publish","type":"page","link":"https:\/\/guelsenadali.de\/tr\/konditionen\/","title":{"rendered":"\u00c7al\u0131\u015fma \u015eartlar\u0131"},"content":{"rendered":"<div data-elementor-type=\"wp-page\" data-elementor-id=\"94\" class=\"elementor elementor-94\" data-elementor-post-type=\"page\">\n\t\t\t\t\t\t<section class=\"elementor-section elementor-top-section elementor-element elementor-element-00f5d9a elementor-section-boxed elementor-section-height-default elementor-section-height-default\" data-id=\"00f5d9a\" data-element_type=\"section\" data-e-type=\"section\" data-settings=\"{&quot;background_background&quot;:&quot;classic&quot;}\" data-no-translation=\"\">\n\t\t\t\t\t\t<div class=\"elementor-container elementor-column-gap-default\">\n\t\t\t\t\t<div class=\"elementor-column elementor-col-100 elementor-top-column elementor-element elementor-element-789def9\" data-id=\"789def9\" data-element_type=\"column\" data-e-type=\"column\" data-settings=\"{&quot;background_background&quot;:&quot;classic&quot;}\">\n\t\t\t<div class=\"elementor-widget-wrap elementor-element-populated\">\n\t\t\t\t\t\t<div class=\"elementor-element elementor-element-65c8028 elementor-widget elementor-widget-text-editor\" data-id=\"65c8028\" data-element_type=\"widget\" data-e-type=\"widget\" data-widget_type=\"text-editor.default\">\n\t\t\t\t<div class=\"elementor-widget-container\">\n\t\t\t\t\t\t\t\t\t\u00d6ncelikle telefonda \u00fccretsiz bir \u00f6n g\u00f6r\u00fc\u015fme yaparak (en fazla 30 dakika), birbirimizi tan\u0131y\u0131p, size yard\u0131mc\u0131 olup, olamayaca\u011f\u0131m\u0131 karara ba\u011fl\u0131yoruz. E\u011fer karar olumluysa, g\u00f6r\u00fc\u015fmelere ba\u015fl\u0131yoruz. Her bir seans 60 dakika s\u00fcrmektedir. \u00d6zel psikolojik dan\u0131\u015fmanl\u0131k\/sistemik terapi masraflar\u0131 devlet sa\u011fl\u0131k sigorta kurumu taraf\u0131ndan belli \u015fartlar alt\u0131nda ve bireysel olarak incelenerek kar\u015f\u0131lanabilir. Bunun i\u00e7in muhakkak gerekli mercilere daha fazla bilgi i\u00e7in ba\u015fvurup, maliyet kar\u015filama belgesini doldurunuz. \u00c7o\u011fu durumda terapi masraflar\u0131n\u0131 \u00a733 EStG uyar\u0131nca ola\u011fand\u0131\u015f\u0131 masraf olarak vergiden d\u00fc\u015febilirsiniz. \u0130lk randevularda adresinizi ve telefon numaran\u0131z\u0131 vermeniz gerekmektedir. Kararla\u015ft\u0131r\u0131lan randevuya yeti\u015femeyecekseniz l\u00fctfen en az 2 g\u00fcn \u00f6nceden iptal edin, aksi takdirde ge\u00e7 veya iptal edilmeyen randevu i\u00e7in bir saatlik \u00fccret tahsil edilecektir. Randevu al\u0131rken dan\u0131\u015fma oturumlar\u0131 aras\u0131nda her zaman yeterli zaman olmas\u0131na dikkat ederim; Bu sayede g\u00f6r\u00fc\u015fme daha uzun s\u00fcre devam edebilir ve bekleyen di\u011fer m\u00fc\u015fterilerle kar\u015f\u0131la\u015fman\u0131n \u00f6n\u00fcne ge\u00e7ilebilir. G\u00fcven benim i\u00e7in vazge\u00e7ilmezdir. M\u00fc\u015fteri verilerinin yan\u0131 s\u0131ra t\u00fcm ki\u015fisel bilgiler ve i\u00e7erik kesinlikle gizli tutulur ve \u00fc\u00e7\u00fcnc\u00fc \u015fah\u0131slar\u0131n eri\u015fimine a\u00e7\u0131k de\u011fildir. Dan\u0131\u015fmanl\u0131k hizmetlerim Alman Ceza Kanunu&#8217;nun 203. Maddesi uyar\u0131nca gizlili\u011fe tabidir.\t\t\t\t\t\t\t\t<\/div>\n\t\t\t\t<\/div>\n\t\t\t\t\t<\/div>\n\t\t<\/div>\n\t\t\t\t\t<\/div>\n\t\t<\/section>\n\t\t\t\t<\/div>","protected":false},"excerpt":{"rendered":"<p>Nach einem kostenlosen Vorgespr\u00e4ch am Telefon (ca. 30 Minuten) findet die erste Therapie- bzw. Beratungssitzung statt.\u00a0Eine Sitzung geht volle 60 Minuten. Die gesetzlichen Krankenkassen k\u00f6nnen individuell und fallabh\u00e4ngig dar\u00fcber entscheiden, ob die Kosten f\u00fcr die psychologische Beratung\/systemische Therapie \u00fcbernommen werden. Deswegen lohnt es sich, f\u00fcr detaillierte Informationen die zust\u00e4ndigen Stellen\u00a0zu kontaktieren und einen Antrag f\u00fcr [&hellip;]<\/p>","protected":false},"author":1,"featured_media":0,"parent":0,"menu_order":0,"comment_status":"closed","ping_status":"closed","template":"elementor_header_footer","meta":{"footnotes":""},"class_list":["post-94","page","type-page","status-publish","hentry"],"_links":{"self":[{"href":"https:\/\/guelsenadali.de\/tr\/wp-json\/wp\/v2\/pages\/94","targetHints":{"allow":["GET"]}}],"collection":[{"href":"https:\/\/guelsenadali.de\/tr\/wp-json\/wp\/v2\/pages"}],"about":[{"href":"https:\/\/guelsenadali.de\/tr\/wp-json\/wp\/v2\/types\/page"}],"author":[{"embeddable":true,"href":"https:\/\/guelsenadali.de\/tr\/wp-json\/wp\/v2\/users\/1"}],"replies":[{"embeddable":true,"href":"https:\/\/guelsenadali.de\/tr\/wp-json\/wp\/v2\/comments?post=94"}],"version-history":[{"count":36,"href":"https:\/\/guelsenadali.de\/tr\/wp-json\/wp\/v2\/pages\/94\/revisions"}],"predecessor-version":[{"id":1679,"href":"https:\/\/guelsenadali.de\/tr\/wp-json\/wp\/v2\/pages\/94\/revisions\/1679"}],"wp:attachment":[{"href":"https:\/\/guelsenadali.de\/tr\/wp-json\/wp\/v2\/media?parent=94"}],"curies":[{"name":"wp","href":"https:\/\/api.w.org\/{rel}","templated":true}]}}