{"id":72,"date":"2024-07-06T10:19:52","date_gmt":"2024-07-06T10:19:52","guid":{"rendered":"https:\/\/guelsenadali.de\/?page_id=72"},"modified":"2025-07-22T17:05:15","modified_gmt":"2025-07-22T17:05:15","slug":"uber-mich","status":"publish","type":"page","link":"https:\/\/guelsenadali.de\/tr\/uber-mich\/","title":{"rendered":"Hakk\u0131mda"},"content":{"rendered":"<div data-elementor-type=\"wp-page\" data-elementor-id=\"72\" class=\"elementor elementor-72\" data-elementor-post-type=\"page\">\n\t\t\t\t\t\t<section class=\"elementor-section elementor-top-section elementor-element elementor-element-23ebf24 elementor-section-boxed elementor-section-height-default elementor-section-height-default\" data-id=\"23ebf24\" data-element_type=\"section\" data-e-type=\"section\" data-settings=\"{&quot;background_background&quot;:&quot;classic&quot;}\" data-no-translation=\"\">\n\t\t\t\t\t\t<div class=\"elementor-container elementor-column-gap-default\">\n\t\t\t\t\t<div class=\"elementor-column elementor-col-100 elementor-top-column elementor-element elementor-element-9d9c836\" data-id=\"9d9c836\" data-element_type=\"column\" data-e-type=\"column\">\n\t\t\t<div class=\"elementor-widget-wrap elementor-element-populated\">\n\t\t\t\t\t\t<section class=\"elementor-section elementor-inner-section elementor-element elementor-element-332dd11 elementor-section-boxed elementor-section-height-default elementor-section-height-default\" data-id=\"332dd11\" data-element_type=\"section\" data-e-type=\"section\">\n\t\t\t\t\t\t<div class=\"elementor-container elementor-column-gap-default\">\n\t\t\t\t\t<div class=\"elementor-column elementor-col-50 elementor-inner-column elementor-element elementor-element-b040163\" data-id=\"b040163\" data-element_type=\"column\" data-e-type=\"column\">\n\t\t\t<div class=\"elementor-widget-wrap elementor-element-populated\">\n\t\t\t\t\t\t<div class=\"elementor-element elementor-element-15d2472 elementor-widget elementor-widget-image\" data-id=\"15d2472\" data-element_type=\"widget\" data-e-type=\"widget\" data-widget_type=\"image.default\">\n\t\t\t\t<div class=\"elementor-widget-container\">\n\t\t\t\t\t\t\t\t\t\t\t\t\t\t\t<img fetchpriority=\"high\" decoding=\"async\" width=\"636\" height=\"1024\" src=\"https:\/\/guelsenadali.de\/wp-content\/uploads\/2025\/07\/G4-636x1024.jpg\" class=\"attachment-large size-large wp-image-2470\" alt=\"\" srcset=\"https:\/\/guelsenadali.de\/wp-content\/uploads\/2025\/07\/G4-636x1024.jpg 636w, https:\/\/guelsenadali.de\/wp-content\/uploads\/2025\/07\/G4-186x300.jpg 186w, https:\/\/guelsenadali.de\/wp-content\/uploads\/2025\/07\/G4-768x1237.jpg 768w, https:\/\/guelsenadali.de\/wp-content\/uploads\/2025\/07\/G4-7x12.jpg 7w, https:\/\/guelsenadali.de\/wp-content\/uploads\/2025\/07\/G4.jpg 795w\" sizes=\"(max-width: 636px) 100vw, 636px\" \/>\t\t\t\t\t\t\t\t\t\t\t\t\t\t\t<\/div>\n\t\t\t\t<\/div>\n\t\t\t\t\t<\/div>\n\t\t<\/div>\n\t\t\t\t<div class=\"elementor-column elementor-col-50 elementor-inner-column elementor-element elementor-element-e0efee8\" data-id=\"e0efee8\" data-element_type=\"column\" data-e-type=\"column\" data-settings=\"{&quot;background_background&quot;:&quot;classic&quot;}\">\n\t\t\t<div class=\"elementor-widget-wrap elementor-element-populated\">\n\t\t\t\t\t\t<div class=\"elementor-element elementor-element-f06518b elementor-widget elementor-widget-heading\" data-id=\"f06518b\" data-element_type=\"widget\" data-e-type=\"widget\" data-widget_type=\"heading.default\">\n\t\t\t\t<div class=\"elementor-widget-container\">\n\t\t\t\t\t<h2 class=\"elementor-heading-title elementor-size-default\">Hakk\u0131mda<\/h2>\t\t\t\t<\/div>\n\t\t\t\t<\/div>\n\t\t\t\t<div class=\"elementor-element elementor-element-f37fe5b elementor-widget elementor-widget-text-editor\" data-id=\"f37fe5b\" data-element_type=\"widget\" data-e-type=\"widget\" data-widget_type=\"text-editor.default\">\n\t\t\t\t<div class=\"elementor-widget-container\">\n\t\t\t\t\t\t\t\t\t<p>\u00dcniversite e\u011fitimimi Almanya ve Fransa\u00b4da ekonomi b\u00f6l\u00fcm\u00fcnde tamamlad\u0131m. Daha sonra sistemik terapi temelinde psikolojik dan\u0131\u015fmanl\u0131k \u00fczerine iki senelik \u00f6\u011frenim g\u00f6rd\u00fcm. E\u015f zamanl\u0131 olarak T\u00fcrkiye ve Almanya\u00b4da farkl\u0131 psikoloji dallar\u0131nda bir\u00e7ok seminer ve e\u011fitimlere kat\u0131ld\u0131m. Almanya\/Heidelberg\u00b4de bulunan Helm Stierlin Enstit\u00fcs\u00fcnde \u00fc\u00e7 sene boyunca sistemik terapi temel ve ileri seviye e\u011fitim programlar\u0131na kat\u0131ld\u0131m.\u00a0<\/p><p>Sistemik terapist olarak hem bireyler hem \u00e7iftler hem de aileler ile beraber \u00e7al\u0131\u015f\u0131yorum. Carl Gustav Jung\u00b4un \u201e<em>d\u0131\u015far\u0131ya<\/em><em> bakan d\u00fc\u015f kurar, i\u00e7eriye bakan uyan\u0131r<\/em>\u201c s\u00f6z\u00fcn\u00fc destur edinmi\u015f bir terapist olarak dan\u0131\u015fanlar\u0131m\u0131n hayat\u0131 nas\u0131l alg\u0131lay\u0131p, anlamland\u0131rd\u0131klar\u0131n\u0131 \u00e7ok \u00f6nemsiyorum. Biraz merak, biraz dikkat ve biraz da sab\u0131r ile bu alg\u0131lar\u0131n temelinde yatan inan\u00e7 kal\u0131plar\u0131n\u0131 ve bu kal\u0131plar\u0131n olu\u015fmas\u0131n\u0131 sa\u011flayan ve de besleyen \u00e7evresel\/sistemik fakt\u00f6rleri tespit etmek ve \u00fczerinde \u00e7al\u0131\u015fmak, san\u0131r\u0131m yapt\u0131\u011f\u0131m i\u015f tam da bu. Bazenleri k\u00fc\u00e7\u00fck dokunu\u015flarla, bazenleri ani \u015fa\u015f\u0131rt\u0131c\u0131 \u00e7\u0131k\u0131\u015flarla, ama herzaman derin bir anlay\u0131\u015fla dan\u0131\u015fanlar\u0131ma ihtiya\u00e7 duyduklar\u0131 zamanlarda e\u015flik ediyorum. Benim i\u00e7in terapi s\u00fcrecinin d\u00f6rt ana dura\u011f\u0131 bulunmakta: 1. Fark etmek 2. \u0130drak etmek 3. Kabul etmek 4. Karar vermek. Bu s\u0131ralama \u015fimdiye kadar \u015fa\u015fmad\u0131 ancak duraklara varma s\u00fcresi, her bir durakta bekleme s\u00fcresi ve son durakta al\u0131nan kararlar ki\u015fiden ki\u015fiye her zaman de\u011fi\u015fir. Zaten bir terapist olarak yapt\u0131\u011f\u0131m i\u015fin beni en cezbeden taraf\u0131 da insanlar\u0131n t\u00fcm benzerliklerine ra\u011fmen ne kadar farkl\u0131 olduklar\u0131na \u015fahitlik etmek. Bu renk c\u00fcmb\u00fc\u015f\u00fc ger\u00e7ekten \u00e7ok heyecan verici!<\/p>\t\t\t\t\t\t\t\t<\/div>\n\t\t\t\t<\/div>\n\t\t\t\t\t<\/div>\n\t\t<\/div>\n\t\t\t\t\t<\/div>\n\t\t<\/section>\n\t\t\t\t\t<\/div>\n\t\t<\/div>\n\t\t\t\t\t<\/div>\n\t\t<\/section>\n\t\t\t\t<\/div>","protected":false},"excerpt":{"rendered":"<p>\u00dcBER MICH Zun\u00e4chst Studium der Betriebswirtschaftslehre in Deutschland und Frankreich. Sp\u00e4ter zweij\u00e4hriges Zusatzstudium in psychologischer Beratung auf den Grundlagen der systemischen Lehre. Parallel besuchte ich zahlreiche\u00a0Selbsterfahrungsseminare und Fortbildungskurse\u00a0in Grunddisziplinen der Psychologie in Deutschland und der T\u00fcrkei.\u00a0Anschlie\u00dfend absolvierte ich eine dreij\u00e4hrige Weiterbildung zur systemischen Therapeutin am\u00a0Helm Stierlin Institut\u00a0in Heidelberg.\u00a0Dar\u00fcber hinaus verf\u00fcge ich \u00fcber mehrj\u00e4hrige Berufserfahrung im [&hellip;]<\/p>","protected":false},"author":1,"featured_media":0,"parent":0,"menu_order":0,"comment_status":"closed","ping_status":"closed","template":"elementor_header_footer","meta":{"footnotes":""},"class_list":["post-72","page","type-page","status-publish","hentry"],"_links":{"self":[{"href":"https:\/\/guelsenadali.de\/tr\/wp-json\/wp\/v2\/pages\/72","targetHints":{"allow":["GET"]}}],"collection":[{"href":"https:\/\/guelsenadali.de\/tr\/wp-json\/wp\/v2\/pages"}],"about":[{"href":"https:\/\/guelsenadali.de\/tr\/wp-json\/wp\/v2\/types\/page"}],"author":[{"embeddable":true,"href":"https:\/\/guelsenadali.de\/tr\/wp-json\/wp\/v2\/users\/1"}],"replies":[{"embeddable":true,"href":"https:\/\/guelsenadali.de\/tr\/wp-json\/wp\/v2\/comments?post=72"}],"version-history":[{"count":75,"href":"https:\/\/guelsenadali.de\/tr\/wp-json\/wp\/v2\/pages\/72\/revisions"}],"predecessor-version":[{"id":2473,"href":"https:\/\/guelsenadali.de\/tr\/wp-json\/wp\/v2\/pages\/72\/revisions\/2473"}],"wp:attachment":[{"href":"https:\/\/guelsenadali.de\/tr\/wp-json\/wp\/v2\/media?parent=72"}],"curies":[{"name":"wp","href":"https:\/\/api.w.org\/{rel}","templated":true}]}}