{"id":589,"date":"2024-07-20T07:02:59","date_gmt":"2024-07-20T07:02:59","guid":{"rendered":"https:\/\/guelsenadali.de\/?page_id=589"},"modified":"2024-08-27T08:44:09","modified_gmt":"2024-08-27T08:44:09","slug":"systemische-therapie-2","status":"publish","type":"page","link":"https:\/\/guelsenadali.de\/tr\/systemische-therapie-2\/","title":{"rendered":"S\u0130STEM\u0130K TERAP\u0130"},"content":{"rendered":"<div data-elementor-type=\"wp-page\" data-elementor-id=\"589\" class=\"elementor elementor-589\" data-elementor-post-type=\"page\">\n\t\t\t\t\t\t<section class=\"elementor-section elementor-top-section elementor-element elementor-element-0698e03 elementor-section-boxed elementor-section-height-default elementor-section-height-default\" data-id=\"0698e03\" data-element_type=\"section\" data-e-type=\"section\" data-settings=\"{&quot;background_background&quot;:&quot;classic&quot;}\" data-no-translation=\"\">\n\t\t\t\t\t\t<div class=\"elementor-container elementor-column-gap-default\">\n\t\t\t\t\t<div class=\"elementor-column elementor-col-100 elementor-top-column elementor-element elementor-element-c46e8a3\" data-id=\"c46e8a3\" data-element_type=\"column\" data-e-type=\"column\">\n\t\t\t<div class=\"elementor-widget-wrap elementor-element-populated\">\n\t\t\t\t\t\t<section class=\"elementor-section elementor-inner-section elementor-element elementor-element-158b01a elementor-section-boxed elementor-section-height-default elementor-section-height-default\" data-id=\"158b01a\" data-element_type=\"section\" data-e-type=\"section\">\n\t\t\t\t\t\t<div class=\"elementor-container elementor-column-gap-default\">\n\t\t\t\t\t<div class=\"elementor-column elementor-col-50 elementor-inner-column elementor-element elementor-element-4a64ed3\" data-id=\"4a64ed3\" data-element_type=\"column\" data-e-type=\"column\">\n\t\t\t<div class=\"elementor-widget-wrap elementor-element-populated\">\n\t\t\t\t\t\t<div class=\"elementor-element elementor-element-fae0c54 elementor-widget elementor-widget-image\" data-id=\"fae0c54\" data-element_type=\"widget\" data-e-type=\"widget\" data-widget_type=\"image.default\">\n\t\t\t\t<div class=\"elementor-widget-container\">\n\t\t\t\t\t\t\t\t\t\t\t\t\t\t\t<img fetchpriority=\"high\" decoding=\"async\" width=\"480\" height=\"640\" src=\"https:\/\/guelsenadali.de\/wp-content\/uploads\/2024\/08\/Figures_2.jpg\" class=\"attachment-large size-large wp-image-1317\" alt=\"\" srcset=\"https:\/\/guelsenadali.de\/wp-content\/uploads\/2024\/08\/Figures_2.jpg 480w, https:\/\/guelsenadali.de\/wp-content\/uploads\/2024\/08\/Figures_2-225x300.jpg 225w, https:\/\/guelsenadali.de\/wp-content\/uploads\/2024\/08\/Figures_2-9x12.jpg 9w\" sizes=\"(max-width: 480px) 100vw, 480px\" \/>\t\t\t\t\t\t\t\t\t\t\t\t\t\t\t<\/div>\n\t\t\t\t<\/div>\n\t\t\t\t\t<\/div>\n\t\t<\/div>\n\t\t\t\t<div class=\"elementor-column elementor-col-50 elementor-inner-column elementor-element elementor-element-e5faa0a\" data-id=\"e5faa0a\" data-element_type=\"column\" data-e-type=\"column\" data-settings=\"{&quot;background_background&quot;:&quot;classic&quot;}\">\n\t\t\t<div class=\"elementor-widget-wrap elementor-element-populated\">\n\t\t\t\t\t\t<div class=\"elementor-element elementor-element-b3b51dc elementor-widget elementor-widget-heading\" data-id=\"b3b51dc\" data-element_type=\"widget\" data-e-type=\"widget\" data-widget_type=\"heading.default\">\n\t\t\t\t<div class=\"elementor-widget-container\">\n\t\t\t\t\t<h2 class=\"elementor-heading-title elementor-size-default\">Sistemik Terapi<\/h2>\t\t\t\t<\/div>\n\t\t\t\t<\/div>\n\t\t\t\t<div class=\"elementor-element elementor-element-37840ff elementor-widget elementor-widget-text-editor\" data-id=\"37840ff\" data-element_type=\"widget\" data-e-type=\"widget\" data-widget_type=\"text-editor.default\">\n\t\t\t\t<div class=\"elementor-widget-container\">\n\t\t\t\t\t\t\t\t\t<p>\u0130\u00e7inde b\u00fcy\u00fcd\u00fc\u011f\u00fcm\u00fcz veya bulundu\u011fumuz aile ve k\u00fclt\u00fcrde ki\u015filerle her daim etkile\u015fim halindeyizdir ve ili\u015fkileniriz. Bu durum tutum ve davran\u0131\u015flar\u0131m\u0131z\u0131n \u015fekillenmesini sa\u011flar. Ancak sadece aile ve k\u00fclt\u00fcr de\u011fil, \u00e7al\u0131\u015ft\u0131\u011f\u0131m\u0131z ortam, arkada\u015flar\u0131m\u0131z, e\u011fitim \u00e7evremiz, sosyal ba\u011flar\u0131m\u0131z da bizi, yani davran\u0131\u015f ve tutumlar\u0131m\u0131z\u0131, etkiler.<\/p><p>Sistemik terapi i\u015fte bu ki\u015fisel ba\u011flar\u0131, dolay\u0131s\u0131yla bireyin i\u00e7inde bulundu\u011fu sistemleri terapi s\u00fcrecinde g\u00f6z \u00f6n\u00fcne almay\u0131 ve ara\u015ft\u0131rmay\u0131 \u00f6n g\u00f6r\u00fcr. Nasil ki psikoterapi duygu, d\u00fc\u015f\u00fcnce ve davran\u0131\u015flar\u0131 derinlemesine analiz ederek, yararl\u0131 olanlar\u0131 muhafaza ve yarar\u0131 art\u0131k olmayanlar\u0131n b\u0131rak\u0131lmas\u0131na yada evrilmesine zemin haz\u0131rl\u0131yorsa, sistemik terapi de ayn\u0131 temelde ilerler. \u0130kisi aras\u0131ndaki fark sistemik terapinin sistemleri\/insan ili\u015fkilerini mercek alt\u0131na alarak ki\u015fiyi terapiye getiren nedenleri incelemesi. Yani sorun birey baz\u0131nda de\u011fil sistem baz\u0131nda ele al\u0131n\u0131r. Her sistemin kendine has bir d\u00fczeni vard\u0131r. Bu d\u00fczen kurallardan, s\u0131n\u0131rlardan ve sistem \u00fcyeleri aras\u0131ndaki ileti\u015fim kal\u0131plar\u0131ndan olu\u015fur. Terapi s\u00fcreci boyunca bu unsurlar incelenir. Ki\u015finin veya ki\u015filerin i\u015flevsel olan \u00f6zelliklerini ve g\u00fcc kaynaklar\u0131n\u0131 aktive etmelerinin ve de duygusal dayan\u0131kl\u0131l\u0131klar\u0131n\u0131n artmas\u0131n\u0131n sa\u011flanmas\u0131 hedeflenir.<\/p><p>Sistemik terapi bireyler, \u00e7iftler ve aileler i\u00e7in uygun bir terapi \u015feklidir. <\/p>\t\t\t\t\t\t\t\t<\/div>\n\t\t\t\t<\/div>\n\t\t\t\t\t<\/div>\n\t\t<\/div>\n\t\t\t\t\t<\/div>\n\t\t<\/section>\n\t\t\t\t\t<\/div>\n\t\t<\/div>\n\t\t\t\t\t<\/div>\n\t\t<\/section>\n\t\t\t\t<\/div>","protected":false},"excerpt":{"rendered":"<p>Systemische Therapie Wir stehen st\u00e4ndig in Interaktion und Beziehung mit Menschen aus der Familie und dem Kulturkreis, in der wir aufgewachsen sind oder leben. Diese Systeme pr\u00e4gen unsere Einstellungen und Verhaltensweisen. Doch nicht nur Familie und Kulturkreis, sondern auch das Umfeld, in dem wir arbeiten, unsere Freunde, unser Bildungsumfeld und die sozialen Kontakte beeinflussen unser [&hellip;]<\/p>","protected":false},"author":1,"featured_media":0,"parent":0,"menu_order":0,"comment_status":"closed","ping_status":"closed","template":"elementor_header_footer","meta":{"footnotes":""},"class_list":["post-589","page","type-page","status-publish","hentry"],"_links":{"self":[{"href":"https:\/\/guelsenadali.de\/tr\/wp-json\/wp\/v2\/pages\/589","targetHints":{"allow":["GET"]}}],"collection":[{"href":"https:\/\/guelsenadali.de\/tr\/wp-json\/wp\/v2\/pages"}],"about":[{"href":"https:\/\/guelsenadali.de\/tr\/wp-json\/wp\/v2\/types\/page"}],"author":[{"embeddable":true,"href":"https:\/\/guelsenadali.de\/tr\/wp-json\/wp\/v2\/users\/1"}],"replies":[{"embeddable":true,"href":"https:\/\/guelsenadali.de\/tr\/wp-json\/wp\/v2\/comments?post=589"}],"version-history":[{"count":57,"href":"https:\/\/guelsenadali.de\/tr\/wp-json\/wp\/v2\/pages\/589\/revisions"}],"predecessor-version":[{"id":1583,"href":"https:\/\/guelsenadali.de\/tr\/wp-json\/wp\/v2\/pages\/589\/revisions\/1583"}],"wp:attachment":[{"href":"https:\/\/guelsenadali.de\/tr\/wp-json\/wp\/v2\/media?parent=589"}],"curies":[{"name":"wp","href":"https:\/\/api.w.org\/{rel}","templated":true}]}}