{"id":584,"date":"2024-07-20T07:00:23","date_gmt":"2024-07-20T07:00:23","guid":{"rendered":"https:\/\/guelsenadali.de\/?page_id=584"},"modified":"2024-08-27T08:45:00","modified_gmt":"2024-08-27T08:45:00","slug":"warum-eine-therapie","status":"publish","type":"page","link":"https:\/\/guelsenadali.de\/tr\/warum-eine-therapie\/","title":{"rendered":"Ni\u00e7in Terapiye gidilir?"},"content":{"rendered":"<div data-elementor-type=\"wp-page\" data-elementor-id=\"584\" class=\"elementor elementor-584\" data-elementor-post-type=\"page\">\n\t\t\t\t\t\t<section class=\"elementor-section elementor-top-section elementor-element elementor-element-37b1b04 elementor-section-boxed elementor-section-height-default elementor-section-height-default\" data-id=\"37b1b04\" data-element_type=\"section\" data-e-type=\"section\" data-settings=\"{&quot;background_background&quot;:&quot;classic&quot;}\" data-no-translation=\"\">\n\t\t\t\t\t\t<div class=\"elementor-container elementor-column-gap-default\">\n\t\t\t\t\t<div class=\"elementor-column elementor-col-100 elementor-top-column elementor-element elementor-element-95f7fcc\" data-id=\"95f7fcc\" data-element_type=\"column\" data-e-type=\"column\">\n\t\t\t<div class=\"elementor-widget-wrap elementor-element-populated\">\n\t\t\t\t\t\t<section class=\"elementor-section elementor-inner-section elementor-element elementor-element-58fb0ff elementor-section-boxed elementor-section-height-default elementor-section-height-default\" data-id=\"58fb0ff\" data-element_type=\"section\" data-e-type=\"section\">\n\t\t\t\t\t\t<div class=\"elementor-container elementor-column-gap-default\">\n\t\t\t\t\t<div class=\"elementor-column elementor-col-50 elementor-inner-column elementor-element elementor-element-a2bc24d\" data-id=\"a2bc24d\" data-element_type=\"column\" data-e-type=\"column\">\n\t\t\t<div class=\"elementor-widget-wrap elementor-element-populated\">\n\t\t\t\t\t\t<div class=\"elementor-element elementor-element-07e079f elementor-widget elementor-widget-image\" data-id=\"07e079f\" data-element_type=\"widget\" data-e-type=\"widget\" data-widget_type=\"image.default\">\n\t\t\t\t<div class=\"elementor-widget-container\">\n\t\t\t\t\t\t\t\t\t\t\t\t\t\t\t<img fetchpriority=\"high\" decoding=\"async\" width=\"500\" height=\"700\" src=\"https:\/\/guelsenadali.de\/wp-content\/uploads\/2024\/08\/Untitled-1xsds.png\" class=\"attachment-large size-large wp-image-1355\" alt=\"\" srcset=\"https:\/\/guelsenadali.de\/wp-content\/uploads\/2024\/08\/Untitled-1xsds.png 500w, https:\/\/guelsenadali.de\/wp-content\/uploads\/2024\/08\/Untitled-1xsds-214x300.png 214w, https:\/\/guelsenadali.de\/wp-content\/uploads\/2024\/08\/Untitled-1xsds-9x12.png 9w\" sizes=\"(max-width: 500px) 100vw, 500px\" \/>\t\t\t\t\t\t\t\t\t\t\t\t\t\t\t<\/div>\n\t\t\t\t<\/div>\n\t\t\t\t\t<\/div>\n\t\t<\/div>\n\t\t\t\t<div class=\"elementor-column elementor-col-50 elementor-inner-column elementor-element elementor-element-d1bcbce\" data-id=\"d1bcbce\" data-element_type=\"column\" data-e-type=\"column\" data-settings=\"{&quot;background_background&quot;:&quot;classic&quot;}\">\n\t\t\t<div class=\"elementor-widget-wrap elementor-element-populated\">\n\t\t\t\t\t\t<div class=\"elementor-element elementor-element-31d8773 elementor-widget elementor-widget-heading\" data-id=\"31d8773\" data-element_type=\"widget\" data-e-type=\"widget\" data-widget_type=\"heading.default\">\n\t\t\t\t<div class=\"elementor-widget-container\">\n\t\t\t\t\t<h2 class=\"elementor-heading-title elementor-size-default\">Ni\u00e7in Terapiye gidilir?<\/h2>\t\t\t\t<\/div>\n\t\t\t\t<\/div>\n\t\t\t\t<div class=\"elementor-element elementor-element-0793af8 elementor-widget elementor-widget-text-editor\" data-id=\"0793af8\" data-element_type=\"widget\" data-e-type=\"widget\" data-widget_type=\"text-editor.default\">\n\t\t\t\t<div class=\"elementor-widget-container\">\n\t\t\t\t\t\t\t\t\t<p><span style=\"color: #000000;\">Ya\u015fad\u0131\u011f\u0131n\u0131z olaylar kar\u015f\u0131s\u0131nda bazenleri duygu ve d\u00fc\u015f\u00fcnceleriniz kar\u0131\u015f\u0131p, bulan\u0131kla\u015fabilir. Bu belirsizlik ve arafta kalma durumu t\u00fcm a\u011f\u0131rl\u0131g\u0131 ile kendini hissettirdi\u011finde bir ikilem ba\u015fg\u00f6sterir. Bir yandan hayata devam etmek i\u00e7in i\u00e7inizde bir bask\u0131 hissedersiniz bir yandan ise yola devam edemeyecek kadar g\u00fc\u00e7s\u00fczs\u00fcn\u00fczd\u00fcr. \u0130\u015fte bu i\u00e7inde bulundu\u011funuz y\u0131k\u0131c\u0131 \u00e7aresizlik ilk anda her\u015feyin alt\u00fcst oldu\u011fu izlenimini verir. Oysa ki belki de sadece yeni bir d\u00f6nemin do\u011fum sanc\u0131lar\u0131d\u0131r i\u00e7inden ge\u00e7ti\u011finiz s\u00fcre\u00e7. Sistemik terapi farkl\u0131 metodlar kullanarak bu s\u00fcreci kendi lehinize \u00e7evirmenize destek olur. Bak\u0131\u015f a\u00e7\u0131s\u0131n\u0131 de\u011fi\u015ftirmeye, d\u00fcs\u00fcnceleri yeniden d\u00fczenlemeye ve duygular\u0131 kabul etmeye y\u00f6nelik \u00e7al\u0131\u015fmalarla mevcut problemi ve problemi alg\u0131lama \u015feklinizi irdeleyerek yeni ufuklar g\u00f6rebilmeniz ve farkl\u0131 davran\u0131\u015flar geli\u015ftirmeniz hedeflenir. \u00a0<\/span><\/p><p><span style=\"color: #000000;\">Sistemik terapi bireyler, \u00e7iftler ve aileler i\u00e7in uygun bir terapi \u015feklidir. Dan\u0131\u015fan ister birey olsun, ister \u00e7ift, isterse aile; her durumda s\u00f6z konusu problem sistemik kriterler \u00e7er\u00e7evesinde ele al\u0131n\u0131r ve mevcut problemin olu\u015fmas\u0131na ve devam etmesine sebep olan ili\u015fkiler incelenerek irdelenir. \u0130li\u015fkiler her zaman sistemik terapinin sunaca\u011f\u0131 de\u011fi\u015fim ve \u00e7\u00f6z\u00fcm s\u00fcre\u00e7leri i\u00e7in belirleyicidir. Ancak bu demek de\u011fil ki, ili\u015fkinin i\u00e7inde yer alan herkes terapi s\u00fcrecine dahil olmal\u0131d\u0131r. Di\u011fer terapi \u015fekilleri ile k\u0131yasland\u0131\u011f\u0131nda sistemik terapi seanslar\u0131 dan\u0131\u015fan\u0131n ihtiyac\u0131na g\u00f6re belli bir rutin olmadan ve b\u00fcy\u00fck zaman aral\u0131klar\u0131yla d\u00fczenlenebilir. \u00a0\u00a0<\/span><\/p><p><span style=\"color: #000000;\"><strong><u>\u00d6nemli<\/u><\/strong><\/span><\/p><p><span style=\"color: #000000;\">Psikolojik dan\u0131\u015fmanl\u0131k dan\u0131\u015fanlar\u0131n hayatlar\u0131na farkl\u0131 bir y\u00f6n verebilmeleri icin \u00e7al\u0131\u015fmalar yapmay\u0131 hedefler. Herhangi bir hastal\u0131k te\u015fhis etme ve t\u0131bbi tedavi amac\u0131 g\u00fctmemektedir.<\/span><\/p><p><span style=\"color: #000000;\">Kriz y\u00f6netimi, sorunlar\u0131 \u00e7\u00f6zme ve yeni bak\u0131\u015f a\u00e7\u0131lar\u0131 kazanma amac\u0131 olan herkes i\u00e7in sistemik terapi herhangi bir tedavi s\u00fcrecine ek olarak elbetteki al\u0131nabilir. Depresyon, manik atak, kayg\u0131 durumlar\u0131, yeme bozuklu\u011fu, Burnout, \u015fizofreni gibi affektif bozukluklar s\u00f6z konusu oldu\u011funda sistemik terapi \u00e7al\u0131\u015fmalar\u0131 etkili sonu\u00e7lar verebilmektedir.\u00a0\u00a0<\/span><\/p>\t\t\t\t\t\t\t\t<\/div>\n\t\t\t\t<\/div>\n\t\t\t\t<div class=\"elementor-element elementor-element-c0bb740 elementor-widget__width-initial elementor-widget elementor-widget-heading\" data-id=\"c0bb740\" data-element_type=\"widget\" data-e-type=\"widget\" data-widget_type=\"heading.default\">\n\t\t\t\t<div class=\"elementor-widget-container\">\n\t\t\t\t\t<h2 class=\"elementor-heading-title elementor-size-default\">\u00a0Acil durumlarda yard\u0131m<\/h2>\t\t\t\t<\/div>\n\t\t\t\t<\/div>\n\t\t\t\t<div class=\"elementor-element elementor-element-4aef133 elementor-widget elementor-widget-text-editor\" data-id=\"4aef133\" data-element_type=\"widget\" data-e-type=\"widget\" data-widget_type=\"text-editor.default\">\n\t\t\t\t<div class=\"elementor-widget-container\">\n\t\t\t\t\t\t\t\t\t<p><span style=\"color: #000000;\">E\u011fer akut bir kriz halindeyseniz ve kendinizi intihara meyilli hissediyorsan\u0131z l\u00fctfen Almanya i\u00e7in 112\u00b4yi aray\u0131n.<\/span><\/p><p><span style=\"color: #000000;\">Ayr\u0131ca 24h boyunca telefonda psikolojik destek hatt\u0131na ula\u015fabilirsiniz:<\/span><\/p><p><span style=\"color: #000000;\"><a style=\"color: #000000;\" href=\"http:\/\/www.telefonseelsorge.de\">www.telefonseelsorge.de<\/a><\/span><\/p><p><span style=\"color: #000000;\">Telefon: 0800 111 0 111<\/span><\/p>\t\t\t\t\t\t\t\t<\/div>\n\t\t\t\t<\/div>\n\t\t\t\t\t<\/div>\n\t\t<\/div>\n\t\t\t\t\t<\/div>\n\t\t<\/section>\n\t\t\t\t\t<\/div>\n\t\t<\/div>\n\t\t\t\t\t<\/div>\n\t\t<\/section>\n\t\t\t\t<\/div>","protected":false},"excerpt":{"rendered":"<p>Warum eine Therapie? Wenn Gedanken und Gef\u00fchle in eine Grauzone geraten, in der Klarheit fehlt und Ungewissheit mit aller Wucht ihre Schwere sp\u00fcrbar macht, f\u00fchlt sich der Mensch einerseits dem Druck ausgesetzt, weitermachen zu m\u00fcssen, anderseits der Machtlosigkeit ausgeliefert, nicht weitermachen zu k\u00f6nnen. Diese Ausweglosigkeit f\u00fchlt sich verheerend an und mag auf den ersten Blick [&hellip;]<\/p>","protected":false},"author":1,"featured_media":0,"parent":0,"menu_order":0,"comment_status":"closed","ping_status":"closed","template":"elementor_header_footer","meta":{"footnotes":""},"class_list":["post-584","page","type-page","status-publish","hentry"],"_links":{"self":[{"href":"https:\/\/guelsenadali.de\/tr\/wp-json\/wp\/v2\/pages\/584","targetHints":{"allow":["GET"]}}],"collection":[{"href":"https:\/\/guelsenadali.de\/tr\/wp-json\/wp\/v2\/pages"}],"about":[{"href":"https:\/\/guelsenadali.de\/tr\/wp-json\/wp\/v2\/types\/page"}],"author":[{"embeddable":true,"href":"https:\/\/guelsenadali.de\/tr\/wp-json\/wp\/v2\/users\/1"}],"replies":[{"embeddable":true,"href":"https:\/\/guelsenadali.de\/tr\/wp-json\/wp\/v2\/comments?post=584"}],"version-history":[{"count":84,"href":"https:\/\/guelsenadali.de\/tr\/wp-json\/wp\/v2\/pages\/584\/revisions"}],"predecessor-version":[{"id":1586,"href":"https:\/\/guelsenadali.de\/tr\/wp-json\/wp\/v2\/pages\/584\/revisions\/1586"}],"wp:attachment":[{"href":"https:\/\/guelsenadali.de\/tr\/wp-json\/wp\/v2\/media?parent=584"}],"curies":[{"name":"wp","href":"https:\/\/api.w.org\/{rel}","templated":true}]}}