{"id":2,"date":"2024-07-06T07:59:06","date_gmt":"2024-07-06T07:59:06","guid":{"rendered":"https:\/\/guelsenadali.de\/?page_id=2"},"modified":"2024-08-29T12:26:12","modified_gmt":"2024-08-29T12:26:12","slug":"home","status":"publish","type":"page","link":"https:\/\/guelsenadali.de\/tr\/","title":{"rendered":"Home"},"content":{"rendered":"<div data-elementor-type=\"wp-page\" data-elementor-id=\"2\" class=\"elementor elementor-2\" data-elementor-post-type=\"page\">\n\t\t\t\t\t\t<section class=\"elementor-section elementor-top-section elementor-element elementor-element-a6dcb13 elementor-section-boxed elementor-section-height-default elementor-section-height-default\" data-id=\"a6dcb13\" data-element_type=\"section\" data-e-type=\"section\" data-settings=\"{&quot;background_background&quot;:&quot;classic&quot;}\" data-no-translation=\"\">\n\t\t\t\t\t\t<div class=\"elementor-container elementor-column-gap-default\">\n\t\t\t\t\t<div class=\"elementor-column elementor-col-100 elementor-top-column elementor-element elementor-element-73d140f\" data-id=\"73d140f\" data-element_type=\"column\" data-e-type=\"column\">\n\t\t\t<div class=\"elementor-widget-wrap elementor-element-populated\">\n\t\t\t\t\t\t<section class=\"elementor-section elementor-inner-section elementor-element elementor-element-408f1f2 elementor-section-content-middle elementor-section-boxed elementor-section-height-default elementor-section-height-default\" data-id=\"408f1f2\" data-element_type=\"section\" data-e-type=\"section\">\n\t\t\t\t\t\t<div class=\"elementor-container elementor-column-gap-default\">\n\t\t\t\t\t<div class=\"elementor-column elementor-col-50 elementor-inner-column elementor-element elementor-element-9353f74\" data-id=\"9353f74\" data-element_type=\"column\" data-e-type=\"column\">\n\t\t\t<div class=\"elementor-widget-wrap elementor-element-populated\">\n\t\t\t\t\t\t<div class=\"elementor-element elementor-element-eeb2a27 elementor-widget elementor-widget-image\" data-id=\"eeb2a27\" data-element_type=\"widget\" data-e-type=\"widget\" data-widget_type=\"image.default\">\n\t\t\t\t<div class=\"elementor-widget-container\">\n\t\t\t\t\t\t\t\t\t\t\t\t\t\t\t<img fetchpriority=\"high\" decoding=\"async\" width=\"480\" height=\"640\" src=\"https:\/\/guelsenadali.de\/wp-content\/uploads\/2024\/07\/Figures_3.jpg\" class=\"attachment-large size-large wp-image-1189\" alt=\"\" srcset=\"https:\/\/guelsenadali.de\/wp-content\/uploads\/2024\/07\/Figures_3.jpg 480w, https:\/\/guelsenadali.de\/wp-content\/uploads\/2024\/07\/Figures_3-225x300.jpg 225w, https:\/\/guelsenadali.de\/wp-content\/uploads\/2024\/07\/Figures_3-9x12.jpg 9w\" sizes=\"(max-width: 480px) 100vw, 480px\" \/>\t\t\t\t\t\t\t\t\t\t\t\t\t\t\t<\/div>\n\t\t\t\t<\/div>\n\t\t\t\t<div class=\"elementor-element elementor-element-e521113 elementor-widget elementor-widget-image\" data-id=\"e521113\" data-element_type=\"widget\" data-e-type=\"widget\" data-widget_type=\"image.default\">\n\t\t\t\t<div class=\"elementor-widget-container\">\n\t\t\t\t\t\t\t\t\t\t\t\t\t\t\t<img decoding=\"async\" width=\"640\" height=\"640\" src=\"https:\/\/guelsenadali.de\/wp-content\/uploads\/2024\/08\/39.jpg\" class=\"attachment-large size-large wp-image-1247\" alt=\"\" srcset=\"https:\/\/guelsenadali.de\/wp-content\/uploads\/2024\/08\/39.jpg 640w, https:\/\/guelsenadali.de\/wp-content\/uploads\/2024\/08\/39-300x300.jpg 300w, https:\/\/guelsenadali.de\/wp-content\/uploads\/2024\/08\/39-150x150.jpg 150w, https:\/\/guelsenadali.de\/wp-content\/uploads\/2024\/08\/39-12x12.jpg 12w\" sizes=\"(max-width: 640px) 100vw, 640px\" \/>\t\t\t\t\t\t\t\t\t\t\t\t\t\t\t<\/div>\n\t\t\t\t<\/div>\n\t\t\t\t\t<\/div>\n\t\t<\/div>\n\t\t\t\t<div class=\"elementor-column elementor-col-50 elementor-inner-column elementor-element elementor-element-b11d637\" data-id=\"b11d637\" data-element_type=\"column\" data-e-type=\"column\" data-settings=\"{&quot;background_background&quot;:&quot;classic&quot;}\">\n\t\t\t<div class=\"elementor-widget-wrap elementor-element-populated\">\n\t\t\t\t\t\t<div class=\"elementor-element elementor-element-d0098e5 elementor-widget elementor-widget-text-editor\" data-id=\"d0098e5\" data-element_type=\"widget\" data-e-type=\"widget\" data-widget_type=\"text-editor.default\">\n\t\t\t\t<div class=\"elementor-widget-container\">\n\t\t\t\t\t\t\t\t\t<p>Merhaba, yollar\u0131m\u0131z\u0131n burada kesi\u015fmesi ne g\u00fczel! Bu sitede benim ve Sistemik Terapist olarak yapt\u0131\u011f\u0131m \u00e7al\u0131\u015fmalar\u0131m hakk\u0131nda detayl\u0131 bilgi bulabilirsiniz.<\/p><p>E\u011fer dan\u0131\u015fmanl\u0131k deste\u011fi almak ve benimle beraber \u00e7al\u0131\u015fmak isterseniz, E-Mail veya telefon arac\u0131l\u0131\u011f\u0131yla bana ula\u015fabilirsiniz. \u00a0<\/p>\t\t\t\t\t\t\t\t<\/div>\n\t\t\t\t<\/div>\n\t\t\t\t\t<\/div>\n\t\t<\/div>\n\t\t\t\t\t<\/div>\n\t\t<\/section>\n\t\t\t\t\t<\/div>\n\t\t<\/div>\n\t\t\t\t\t<\/div>\n\t\t<\/section>\n\t\t\t\t<\/div>","protected":false},"excerpt":{"rendered":"<p>Wie sch\u00f6n, dass unsere Wege sich hier kreuzen! Auf diesen Seiten erfahren Sie mehr \u00fcber mich und meine\u00a0Arbeit. Ich bin als\u00a0systemische Therapeutin\/Beraterin (HSI) in eigener Praxis t\u00e4tig. Wenn Sie\u00a0sich beraterische Unterst\u00fctzung w\u00fcnschen und\u00a0mit mir zusammenarbeiten m\u00f6chten, freue ich mich \u00fcber Ihre Kontaktaufnahme via Mail oder Telefon.\u00a0 Merhaba, yollar\u0131m\u0131z\u0131n burada kesi\u015fmesi ne g\u00fczel! Bu sitede benim [&hellip;]<\/p>","protected":false},"author":1,"featured_media":0,"parent":0,"menu_order":0,"comment_status":"closed","ping_status":"closed","template":"elementor_header_footer","meta":{"footnotes":""},"class_list":["post-2","page","type-page","status-publish","hentry"],"_links":{"self":[{"href":"https:\/\/guelsenadali.de\/tr\/wp-json\/wp\/v2\/pages\/2","targetHints":{"allow":["GET"]}}],"collection":[{"href":"https:\/\/guelsenadali.de\/tr\/wp-json\/wp\/v2\/pages"}],"about":[{"href":"https:\/\/guelsenadali.de\/tr\/wp-json\/wp\/v2\/types\/page"}],"author":[{"embeddable":true,"href":"https:\/\/guelsenadali.de\/tr\/wp-json\/wp\/v2\/users\/1"}],"replies":[{"embeddable":true,"href":"https:\/\/guelsenadali.de\/tr\/wp-json\/wp\/v2\/comments?post=2"}],"version-history":[{"count":118,"href":"https:\/\/guelsenadali.de\/tr\/wp-json\/wp\/v2\/pages\/2\/revisions"}],"predecessor-version":[{"id":2401,"href":"https:\/\/guelsenadali.de\/tr\/wp-json\/wp\/v2\/pages\/2\/revisions\/2401"}],"wp:attachment":[{"href":"https:\/\/guelsenadali.de\/tr\/wp-json\/wp\/v2\/media?parent=2"}],"curies":[{"name":"wp","href":"https:\/\/api.w.org\/{rel}","templated":true}]}}