{"id":1186,"date":"2024-08-21T09:12:17","date_gmt":"2024-08-21T09:12:17","guid":{"rendered":"https:\/\/guelsenadali.de\/?page_id=1186"},"modified":"2024-09-13T13:22:03","modified_gmt":"2024-09-13T13:22:03","slug":"therapie-beratung","status":"publish","type":"page","link":"https:\/\/guelsenadali.de\/tr\/therapie-beratung\/","title":{"rendered":"TERAP\u0130\u2013 DANI\u015eMANLIK"},"content":{"rendered":"<div data-elementor-type=\"wp-page\" data-elementor-id=\"1186\" class=\"elementor elementor-1186\" data-elementor-post-type=\"page\">\n\t\t\t\t\t\t<section class=\"elementor-section elementor-top-section elementor-element elementor-element-4f25800 elementor-section-boxed elementor-section-height-default elementor-section-height-default\" data-id=\"4f25800\" data-element_type=\"section\" data-e-type=\"section\" data-settings=\"{&quot;background_background&quot;:&quot;classic&quot;}\">\n\t\t\t\t\t\t<div class=\"elementor-container elementor-column-gap-default\">\n\t\t\t\t\t<div class=\"elementor-column elementor-col-100 elementor-top-column elementor-element elementor-element-51742b6\" data-id=\"51742b6\" data-element_type=\"column\" data-e-type=\"column\">\n\t\t\t<div class=\"elementor-widget-wrap elementor-element-populated\">\n\t\t\t\t\t\t<section class=\"elementor-section elementor-inner-section elementor-element elementor-element-2577ce8 elementor-section-boxed elementor-section-height-default elementor-section-height-default\" data-id=\"2577ce8\" data-element_type=\"section\" data-e-type=\"section\" data-settings=\"{&quot;background_background&quot;:&quot;classic&quot;}\">\n\t\t\t\t\t\t<div class=\"elementor-container elementor-column-gap-default\">\n\t\t\t\t\t<div class=\"elementor-column elementor-col-33 elementor-inner-column elementor-element elementor-element-cd073fb\" data-id=\"cd073fb\" data-element_type=\"column\" data-e-type=\"column\">\n\t\t\t<div class=\"elementor-widget-wrap elementor-element-populated\">\n\t\t\t\t\t\t<div class=\"elementor-element elementor-element-9fc980e elementor-widget elementor-widget-heading\" data-id=\"9fc980e\" data-element_type=\"widget\" data-e-type=\"widget\" data-widget_type=\"heading.default\">\n\t\t\t\t<div class=\"elementor-widget-container\">\n\t\t\t\t\t<h2 class=\"elementor-heading-title elementor-size-default\"><a href=\"https:\/\/guelsenadali.de\/tr\/systemische-therapie-2\/\">S\u0130STEM\u0130K TERAP\u0130<\/a><\/h2>\t\t\t\t<\/div>\n\t\t\t\t<\/div>\n\t\t\t\t<div class=\"elementor-element elementor-element-b3c8efc elementor-widget elementor-widget-image\" data-id=\"b3c8efc\" data-element_type=\"widget\" data-e-type=\"widget\" data-widget_type=\"image.default\">\n\t\t\t\t<div class=\"elementor-widget-container\">\n\t\t\t\t\t\t\t\t\t\t\t\t\t\t\t\t<a href=\"https:\/\/guelsenadali.de\/tr\/systemische-therapie-2\/\">\n\t\t\t\t\t\t\t<img fetchpriority=\"high\" decoding=\"async\" width=\"688\" height=\"1006\" src=\"https:\/\/guelsenadali.de\/wp-content\/uploads\/2024\/09\/1.png\" class=\"attachment-full size-full wp-image-1668\" alt=\"\" srcset=\"https:\/\/guelsenadali.de\/wp-content\/uploads\/2024\/09\/1.png 688w, https:\/\/guelsenadali.de\/wp-content\/uploads\/2024\/09\/1-205x300.png 205w, https:\/\/guelsenadali.de\/wp-content\/uploads\/2024\/09\/1-8x12.png 8w\" sizes=\"(max-width: 688px) 100vw, 688px\" \/>\t\t\t\t\t\t\t\t<\/a>\n\t\t\t\t\t\t\t\t\t\t\t\t\t\t\t<\/div>\n\t\t\t\t<\/div>\n\t\t\t\t\t<\/div>\n\t\t<\/div>\n\t\t\t\t<div class=\"elementor-column elementor-col-33 elementor-inner-column elementor-element elementor-element-72bd58b\" data-id=\"72bd58b\" data-element_type=\"column\" data-e-type=\"column\">\n\t\t\t<div class=\"elementor-widget-wrap elementor-element-populated\">\n\t\t\t\t\t\t<div class=\"elementor-element elementor-element-b45812e elementor-widget elementor-widget-heading\" data-id=\"b45812e\" data-element_type=\"widget\" data-e-type=\"widget\" data-widget_type=\"heading.default\">\n\t\t\t\t<div class=\"elementor-widget-container\">\n\t\t\t\t\t<h2 class=\"elementor-heading-title elementor-size-default\"><a href=\"https:\/\/guelsenadali.de\/tr\/warum-eine-therapie\/\">N\u0130\u00c7\u0130N TERAP\u0130YE G\u0130D\u0130L\u0130R?<\/a><\/h2>\t\t\t\t<\/div>\n\t\t\t\t<\/div>\n\t\t\t\t<div class=\"elementor-element elementor-element-3fa8cdf elementor-widget elementor-widget-image\" data-id=\"3fa8cdf\" data-element_type=\"widget\" data-e-type=\"widget\" data-widget_type=\"image.default\">\n\t\t\t\t<div class=\"elementor-widget-container\">\n\t\t\t\t\t\t\t\t\t\t\t\t\t\t\t\t<a href=\"https:\/\/guelsenadali.de\/tr\/warum-eine-therapie\/\">\n\t\t\t\t\t\t\t<img decoding=\"async\" width=\"688\" height=\"1006\" src=\"https:\/\/guelsenadali.de\/wp-content\/uploads\/2024\/09\/2.png\" class=\"attachment-full size-full wp-image-1669\" alt=\"\" srcset=\"https:\/\/guelsenadali.de\/wp-content\/uploads\/2024\/09\/2.png 688w, https:\/\/guelsenadali.de\/wp-content\/uploads\/2024\/09\/2-205x300.png 205w, https:\/\/guelsenadali.de\/wp-content\/uploads\/2024\/09\/2-8x12.png 8w\" sizes=\"(max-width: 688px) 100vw, 688px\" \/>\t\t\t\t\t\t\t\t<\/a>\n\t\t\t\t\t\t\t\t\t\t\t\t\t\t\t<\/div>\n\t\t\t\t<\/div>\n\t\t\t\t\t<\/div>\n\t\t<\/div>\n\t\t\t\t<div class=\"elementor-column elementor-col-33 elementor-inner-column elementor-element elementor-element-2b22d94\" data-id=\"2b22d94\" data-element_type=\"column\" data-e-type=\"column\">\n\t\t\t<div class=\"elementor-widget-wrap elementor-element-populated\">\n\t\t\t\t\t\t<div class=\"elementor-element elementor-element-cb805db elementor-widget elementor-widget-heading\" data-id=\"cb805db\" data-element_type=\"widget\" data-e-type=\"widget\" data-widget_type=\"heading.default\">\n\t\t\t\t<div class=\"elementor-widget-container\">\n\t\t\t\t\t<h2 class=\"elementor-heading-title elementor-size-default\"><a href=\"https:\/\/guelsenadali.de\/tr\/wann-eine-therapie\/\">NE ZAMAN TERAP\u0130YE G\u0130D\u0130L\u0130R?<\/a><\/h2>\t\t\t\t<\/div>\n\t\t\t\t<\/div>\n\t\t\t\t<div class=\"elementor-element elementor-element-860a58c elementor-widget elementor-widget-image\" data-id=\"860a58c\" data-element_type=\"widget\" data-e-type=\"widget\" data-widget_type=\"image.default\">\n\t\t\t\t<div class=\"elementor-widget-container\">\n\t\t\t\t\t\t\t\t\t\t\t\t\t\t\t\t<a href=\"https:\/\/guelsenadali.de\/tr\/wann-eine-therapie\/\">\n\t\t\t\t\t\t\t<img decoding=\"async\" width=\"688\" height=\"1006\" src=\"https:\/\/guelsenadali.de\/wp-content\/uploads\/2024\/09\/3.png\" class=\"attachment-full size-full wp-image-1670\" alt=\"\" srcset=\"https:\/\/guelsenadali.de\/wp-content\/uploads\/2024\/09\/3.png 688w, https:\/\/guelsenadali.de\/wp-content\/uploads\/2024\/09\/3-205x300.png 205w, https:\/\/guelsenadali.de\/wp-content\/uploads\/2024\/09\/3-8x12.png 8w\" sizes=\"(max-width: 688px) 100vw, 688px\" \/>\t\t\t\t\t\t\t\t<\/a>\n\t\t\t\t\t\t\t\t\t\t\t\t\t\t\t<\/div>\n\t\t\t\t<\/div>\n\t\t\t\t\t<\/div>\n\t\t<\/div>\n\t\t\t\t\t<\/div>\n\t\t<\/section>\n\t\t\t\t\t<\/div>\n\t\t<\/div>\n\t\t\t\t\t<\/div>\n\t\t<\/section>\n\t\t\t\t<\/div>","protected":false},"excerpt":{"rendered":"<p>SYSTEMISCHE THERAPIE WARUM EINE THERAPIE? WANN EINE THERAPIE?<\/p>","protected":false},"author":1,"featured_media":0,"parent":0,"menu_order":0,"comment_status":"closed","ping_status":"closed","template":"elementor_header_footer","meta":{"footnotes":""},"class_list":["post-1186","page","type-page","status-publish","hentry"],"_links":{"self":[{"href":"https:\/\/guelsenadali.de\/tr\/wp-json\/wp\/v2\/pages\/1186","targetHints":{"allow":["GET"]}}],"collection":[{"href":"https:\/\/guelsenadali.de\/tr\/wp-json\/wp\/v2\/pages"}],"about":[{"href":"https:\/\/guelsenadali.de\/tr\/wp-json\/wp\/v2\/types\/page"}],"author":[{"embeddable":true,"href":"https:\/\/guelsenadali.de\/tr\/wp-json\/wp\/v2\/users\/1"}],"replies":[{"embeddable":true,"href":"https:\/\/guelsenadali.de\/tr\/wp-json\/wp\/v2\/comments?post=1186"}],"version-history":[{"count":58,"href":"https:\/\/guelsenadali.de\/tr\/wp-json\/wp\/v2\/pages\/1186\/revisions"}],"predecessor-version":[{"id":1779,"href":"https:\/\/guelsenadali.de\/tr\/wp-json\/wp\/v2\/pages\/1186\/revisions\/1779"}],"wp:attachment":[{"href":"https:\/\/guelsenadali.de\/tr\/wp-json\/wp\/v2\/media?parent=1186"}],"curies":[{"name":"wp","href":"https:\/\/api.w.org\/{rel}","templated":true}]}}